{"id":5586,"date":"2024-01-29T13:41:26","date_gmt":"2024-01-29T13:41:26","guid":{"rendered":"https:\/\/icvcm.org\/marco-de-evaluacion\/"},"modified":"2026-02-19T09:49:25","modified_gmt":"2026-02-19T09:49:25","slug":"marco-de-evaluacion","status":"publish","type":"page","link":"https:\/\/www.icvcm.org\/es\/marco-de-evaluacion\/","title":{"rendered":"Marco de evaluaci\u00f3n"},"content":{"rendered":"\n<section id=\"hero_block_f8d71700e735c2cf4ccaf94a0ffaad34\" class=\"hero relative  bg-navy-500  text-white text-center\">\n\n\t<!-- Block Anchor -->\n\t\n\t<div class=\"container relative\">\n\n        \t\t<!-- WPML Translation -->\n\t\t\t\t\t<div class=\"flex justify-end pt-16 -mb-16 lg:m-0 lg:p-0 lg:absolute lg:right-0 lg:top-[5.5rem]\">\n\t\t\t\t\n<div role=\"navigation\" aria-label=\"Selector de idioma\" class=\"wpml-ls-statics-shortcode_actions wpml-ls wpml-ls-legacy-dropdown-click js-wpml-ls-legacy-dropdown-click\">\n\t<ul>\n\n\t\t<li class=\"wpml-ls-slot-shortcode_actions wpml-ls-item wpml-ls-item-es wpml-ls-current-language wpml-ls-item-legacy-dropdown-click\">\n\n\t\t\t<a href=\"#?redirect=true\" hreflang=\"\" lang=\"\" class=\"js-wpml-ls-item-toggle wpml-ls-item-toggle\" aria-expanded=\"false\" aria-controls=\"wpml-ls-submenu-click-default\" aria-haspopup=\"true\" aria-label=\"Language switcher, click to open then tab to navigate\" tabindex=\"0\" role=\"button\" title=\"Cambiar a ES\">\n\t\t\t\t                                    <img decoding=\"async\"\n            class=\"wpml-ls-flag\"\n            src=\"https:\/\/www.icvcm.org\/?redirect=truewp-content\/plugins\/sitepress-multilingual-cms\/res\/flags\/es.svg\"\n            alt=\"\"\n            loading=\"lazy\"\n            width=28\n            height=20\n    \/><span class=\"wpml-ls-native\">ES<\/span><\/a>\n\n\t\t\t<ul id=\"wpml-ls-submenu-click-default\" class=\"js-wpml-ls-sub-menu wpml-ls-sub-menu\">\n\t\t\t\t\n\t\t\t\t\t<li class=\"wpml-ls-slot-shortcode_actions wpml-ls-item wpml-ls-item-en wpml-ls-first-item\">\n\t\t\t\t\t\t<a href=\"https:\/\/www.icvcm.org\/?redirect=true\" hreflang=\"en\" lang=\"en\" class=\"wpml-ls-link\" aria-label=\"Cambiar a EN\" title=\"Cambiar a EN\">\n\t\t\t\t\t\t\t                                    <img decoding=\"async\"\n            class=\"wpml-ls-flag\"\n            src=\"https:\/\/www.icvcm.org\/?redirect=truewp-content\/plugins\/sitepress-multilingual-cms\/res\/flags\/en.svg\"\n            alt=\"\"\n            loading=\"lazy\"\n            width=28\n            height=20\n    \/><span class=\"wpml-ls-native\">EN<\/span><\/a>\n\t\t\t\t\t<\/li>\n\n\t\t\t\t\n\t\t\t\t\t<li class=\"wpml-ls-slot-shortcode_actions wpml-ls-item wpml-ls-item-pt-pt\">\n\t\t\t\t\t\t<a href=\"https:\/\/www.icvcm.org\/?redirect=truept-pt\/\" hreflang=\"pt-pt\" lang=\"pt-pt\" class=\"wpml-ls-link\" aria-label=\"Cambiar a PT\" title=\"Cambiar a PT\">\n\t\t\t\t\t\t\t                                    <img decoding=\"async\"\n            class=\"wpml-ls-flag\"\n            src=\"https:\/\/www.icvcm.org\/?redirect=truewp-content\/plugins\/sitepress-multilingual-cms\/res\/flags\/pt-pt.svg\"\n            alt=\"\"\n            loading=\"lazy\"\n            width=28\n            height=20\n    \/><span class=\"wpml-ls-native\">PT<\/span><\/a>\n\t\t\t\t\t<\/li>\n\n\t\t\t\t\n\t\t\t\t\t<li class=\"wpml-ls-slot-shortcode_actions wpml-ls-item wpml-ls-item-zh-hans\">\n\t\t\t\t\t\t<a href=\"https:\/\/www.icvcm.org\/?redirect=truezh-hans\/\" hreflang=\"zh-hans\" lang=\"zh-hans\" class=\"wpml-ls-link\" aria-label=\"Cambiar a CN\" title=\"Cambiar a CN\">\n\t\t\t\t\t\t\t                                    <img decoding=\"async\"\n            class=\"wpml-ls-flag\"\n            src=\"https:\/\/www.icvcm.org\/?redirect=truewp-content\/plugins\/sitepress-multilingual-cms\/res\/flags\/zh-hans.svg\"\n            alt=\"\"\n            loading=\"lazy\"\n            width=28\n            height=20\n    \/><span class=\"wpml-ls-native\">CN<\/span><\/a>\n\t\t\t\t\t<\/li>\n\n\t\t\t\t\n\t\t\t\t\t<li class=\"wpml-ls-slot-shortcode_actions wpml-ls-item wpml-ls-item-fr wpml-ls-last-item\">\n\t\t\t\t\t\t<a href=\"https:\/\/www.icvcm.org\/?redirect=truefr\/\" hreflang=\"fr\" lang=\"fr\" class=\"wpml-ls-link\" aria-label=\"Cambiar a FR\" title=\"Cambiar a FR\">\n\t\t\t\t\t\t\t                                    <img decoding=\"async\"\n            class=\"wpml-ls-flag\"\n            src=\"https:\/\/www.icvcm.org\/?redirect=truewp-content\/plugins\/sitepress-multilingual-cms\/res\/flags\/fr.svg\"\n            alt=\"\"\n            loading=\"lazy\"\n            width=28\n            height=20\n    \/><span class=\"wpml-ls-native\">FR<\/span><\/a>\n\t\t\t\t\t<\/li>\n\n\t\t\t\t\t\t\t<\/ul>\n\n\t\t<\/li>\n\n\t<\/ul>\n<\/div>\n\t\t\t<\/div>\n\t\t        \n\t\t\t\t\t<div class=\"m-auto max-w-[54.625rem] pt-[5.5rem] pb-[5.5rem]\">\n\t\t\t\t\t\t<!-- Content -->\n\t\t\t\t<div class=\"container \">\n\t\t\t\t\t<div class=\"prose \">\n\n<h2 class=\"wp-block-heading\">Marco de evaluaci\u00f3n<\/h2>\n\n\n\n<h2 class=\"wp-block-heading has-medium-font-size\">Evaluamos los programas de cr\u00e9ditos de carbono y las categor\u00edas de cr\u00e9ditos para determinar el cumplimiento del Marco de Evaluaci\u00f3n de los Principios B\u00e1sicos del Carbono. Nuestro Marco de Evaluaci\u00f3n es el reglamento que define c\u00f3mo debe ser un cr\u00e9dito de carbono de alta integridad.<\/h2>\n\n<\/div>\n\n\t\t\t\t\t<!-- Video -->\n\t\t\t\t\t\n\t\t\t\t\t<!-- Image -->\n\t\t\t\t\t\t\t\t\t<\/div>\n\t\t\t\t\t<\/div>\n\t\t\t<\/div>\n\n\t<\/section>\n<section id=\"columns_block_970f46700f40caf57b4d22c10d093f1c\" class=\"relative  inside-container-lg \">\n\t\t\n\t\t<div class=\"relative container\">\n\t\t\t\t<div class=\"grid grid-cols-1 lg:grid-cols-2 gap-4 md:gap-6 items-flex-start\">\n\n<div \n\tclass=\"flex items-start\t\t\t\">\n\t\t<div class=\"column w-full prose\">\n\n<h4 class=\"wp-block-heading\"><\/h4>\n\n\n\n<p>Para garantizar que el mercado voluntario de carbono acelere una transici\u00f3n justa hacia los 1,5 \u00b0C, el Marco de Evaluaci\u00f3n establece los criterios detallados que utilizamos para evaluar si los programas de acreditaci\u00f3n de carbono y las categor\u00edas de cr\u00e9ditos de carbono cumplen <a href=\"https:\/\/icvcm.org\/es\/los-principios-fundamentales-del-carbono\/\">los Principios Fundamentales del Carbono (CCP)<\/a> El Marco de Evaluaci\u00f3n establece un umbral robusto y alcanzable que busca elevar los est\u00e1ndares en todo el mercado voluntario de carbono hasta un nivel de calidad consistente.<\/p>\n\n\n\n<p>La etiqueta CCP est\u00e1 dise\u00f1ada para fomentar la confianza en el mercado voluntario de carbono y desbloquear la inversi\u00f3n, facilitando a los compradores el reconocimiento y la asignaci\u00f3n de un precio a un cr\u00e9dito de carbono de alta integridad, independientemente del programa de acreditaci\u00f3n de carbono que lo haya emitido, del tipo de cr\u00e9dito que sea o del lugar donde se haya generado.<\/p>\n\n\n\n<section id=\"resources-links_block_aba6d26d737e173d04e6f2f1d5ac0195\" class=\"relative inside-container-lg\">\n\n\t\n\t\t\n\t\t<div class=\"container\">\n\t\n\t\t<div class=\"prose\">\n\n<h3 class=\"wp-block-heading\">Marco de Evaluaci\u00f3n y Procedimiento de los Principios Fundamentales del Carbono<\/h3>\n\n\n\n<p>El Marco de Evaluaci\u00f3n y Procedimiento de los Principios Fundamentales del Carbono se encuentra publicado en las siguientes partes:<\/p>\n\n<\/div>\n\n        <div class=\"mt-8 -mx-2 flex flex-row flex-wrap justify-center\">\n\n            \n        <\/div>\n\n        \n\t\t\n\t\t<\/div>\n\t\n<\/section>\n\n<\/div>\n<\/div>\n\n\n\n\n<div \n\tclass=\"flex items-start\t\t\t\">\n\t\t<div class=\"column w-full prose\">\n\n<figure class=\"wp-block-image size-full\"><img loading=\"lazy\" decoding=\"async\" width=\"669\" height=\"945\" src=\"https:\/\/icvcm.org\/wp-content\/uploads\/2024\/05\/AF-Front-Cover-1.1.png\" alt=\"El Documento Marco de Evaluaci&#xF3;n\" class=\"wp-image-4973\" srcset=\"https:\/\/www.icvcm.org\/wp-content\/uploads\/2024\/05\/AF-Front-Cover-1.1.png 669w, https:\/\/www.icvcm.org\/wp-content\/uploads\/2024\/05\/AF-Front-Cover-1.1-212x300.png 212w\" sizes=\"auto, (max-width: 669px) 100vw, 669px\" \/><\/figure>\n\n<\/div>\n<\/div>\n\n\n<\/div>\n\t<\/div>\n<\/section>\n<section id=\"container_block_2d2b6f2aab6206a3f7f7735afb0b027f\" class=\"relative inside-container-lg bg-blue-700 text-white wp-elements-1f280655540973b225db78fd3a16fe07\">\n\t\t\n\t\t<div class=\"relative container\">\n\t\t<div class=\"prose \">\n\n<h3 class=\"wp-block-heading has-text-align-center has-white-color has-text-color has-link-color wp-elements-2877fad8a2283e780eb043cb4b80a62b\">C\u00f3mo aplicamos el Marco de Evaluaci\u00f3n<\/h3>\n\n\n\n<p class=\"has-text-align-center\">Estamos realizando evaluaciones paralelas de los programas de acreditaci\u00f3n de carbono y de las Categor\u00edas de los cr\u00e9ditos de carbono para comprobar si se ajustan al Marco de Evaluaci\u00f3n de los Principios Fundamentales del Carbono.<\/p>\n\n\n\n<div class=\"wp-block-buttons is-content-justification-center is-layout-flex wp-container-core-buttons-is-layout-16018d1d wp-block-buttons-is-layout-flex\">\n<div class=\"wp-block-button is-style-button-secondary\"><a class=\"wp-block-button__link wp-element-button\" href=\"https:\/\/icvcm.org\/how-we-assess-carbon-crediting-programs\/\" target=\"_blank\" rel=\"noreferrer noopener\">C\u00f3mo evaluamos los programas de acreditaci\u00f3n de carbono<\/a><\/div>\n\n\n\n<div class=\"wp-block-button is-style-button-secondary\"><a class=\"wp-block-button__link wp-element-button\" href=\"https:\/\/icvcm.org\/how-we-assess-categories-of-carbon-credits\/\" target=\"_blank\" rel=\"noreferrer noopener\">C\u00f3mo evaluamos las metodolog\u00edas de cr\u00e9ditos de carbono<\/a><\/div>\n<\/div>\n\n\n\n<h3 class=\"wp-block-heading has-text-align-center has-white-color has-text-color has-link-color wp-elements-8615b9ad0ad2ef60537a30fb788e49a8\">Los CCP y Estado de la Evaluaci\u00f3n<\/h3>\n\n\n\n<div class=\"wp-block-buttons is-content-justification-center is-layout-flex wp-container-core-buttons-is-layout-16018d1d wp-block-buttons-is-layout-flex\">\n<div class=\"wp-block-button is-style-button-secondary\"><a class=\"wp-block-button__link wp-element-button\" href=\"https:\/\/icvcm.org\/es\/los-principios-fundamentales-del-carbono\/\">M\u00e1s informaci\u00f3n sobre nuestros CCP<\/a><\/div>\n\n\n\n<div class=\"wp-block-button is-style-button-secondary\"><a class=\"wp-block-button__link wp-element-button\" href=\"https:\/\/icvcm.org\/assessment-status\/\">Ver el \u00faltimo estado de evaluaci\u00f3n <\/a><\/div>\n<\/div>\n\n<\/div>\n\t<\/div>\n<\/section>\n<section class=\"inside-container-lg bg-white text-blue-700 wp-elements-d48faab9a8e8c68bb7d33c37db7c594d\">\n\t\t\n\t<div class=\"container\">\n\t\t<div \n\t\t\tclass=\"swiper group\"\n\t\t\tid=\"testimonial-slider_block_4f4e07ca735eb0b6a0183e61459f293e\"\n\t\t\tdata-navigation =\"true\"\n\t\t\tdata-mobilecol=\"1\"\n\t\t\tdata-mobilegap=\"0\"\n\t\t\tdata-tabletcol=\"1\"\n\t\t\tdata-tabletgap=\"0\"\n\t\t\tdata-desktopcol=\"1\"\n\t\t\tdata-desktopgap=\"0\"\n\t\t>\n\n\t\t\t\t\t\t\t<!-- Navigation - Prev -->\n\t\t\t\t<div class=\"absolute w-16 h-full z-10 top-0 left-0 flex justify-center items-center\">\n\t\t\t\t\t<button\n\t\t\t\t\t\tid=\"swiper-prev-testimonial-slider_block_4f4e07ca735eb0b6a0183e61459f293e\"\n\t\t\t\t\t\tclass=\"swiper-nav-button disabled:opacity-50\"\n\t\t\t\t\t>\n\t\t\t\t\t\t\t\t\t\t\t\t\t<span class=\"block w-8 h-8 relative right-px text-gray-500\">\n\t\t\t\t\t\t\t\t<svg xmlns=\"http:\/\/www.w3.org\/2000\/svg\"  viewBox=\"0 0 24 24\" fill=\"none\" stroke=\"currentColor\" stroke-width=\"2\" stroke-linecap=\"round\" stroke-linejoin=\"round\" class=\"feather feather-arrow-left-circle\"><circle cx=\"12\" cy=\"12\" r=\"10\"><\/circle><polyline points=\"12 8 8 12 12 16\"><\/polyline><line x1=\"16\" y1=\"12\" x2=\"8\" y2=\"12\"><\/line><\/svg>\t\t\t\t\t\t\t<\/span>\n\t\t\t\t\t\t\t\t\t\t\t<\/button>\n\t\t\t\t<\/div>\n\t\t\t\n\t\t\t<div class=\"swiper-wrapper\">\n\t\t\t\t\t\t\t\t\t<div class=\"swiper-slide text-center\">\n\t\t\t\t\t\t<div class=\"max-w-[50.5rem] mx-auto\">\n\t\t\t\t\t\t\t<p class=\"text-xl font-light mb-11\">&#8220;Our Assessment Framework will ensure consistency and drive up ambition across the market, ensuring that credits help us deliver our global climate goals.&#8221;<\/p><img loading=\"lazy\" decoding=\"async\" width=\"196\" height=\"196\" src=\"https:\/\/www.icvcm.org\/wp-content\/uploads\/2024\/02\/Farrukh-Khan.jpg\" class=\"h-16 w-16 rounded-full flex justify-center align-center object-cover m-auto mb-6 wp-post-image\" alt=\"Farrukh Khan\" srcset=\"https:\/\/www.icvcm.org\/wp-content\/uploads\/2024\/02\/Farrukh-Khan.jpg 196w, https:\/\/www.icvcm.org\/wp-content\/uploads\/2024\/02\/Farrukh-Khan-150x150.jpg 150w\" sizes=\"auto, (max-width: 196px) 100vw, 196px\" \/><p class=\"font-bold\">Farrukh Khan<\/p><p class=\"font-medium\">Member, Integrity Council&#8217;s Governing Board, and former senior member of the UN Secretary General&#8217;s Climate Team<\/p>\t\t\t\t\t\t<\/div>\n\t\t\t\t\t<\/div>\n\t\t\t\t\t\t\t\t\t<div class=\"swiper-slide text-center\">\n\t\t\t\t\t\t<div class=\"max-w-[50.5rem] mx-auto\">\n\t\t\t\t\t\t\t<p class=\"text-xl font-light mb-11\">&#8220;Our CCPs and assessment criteria set a global threshold for quality which aims to unlock finance at speed and scale for projects to reduce and remove billions of tonnes of emissions that would not otherwise be viable.&#8221;<\/p><img loading=\"lazy\" decoding=\"async\" width=\"600\" height=\"600\" src=\"https:\/\/www.icvcm.org\/wp-content\/uploads\/2024\/01\/AZ-ICVCM.jpg\" class=\"h-16 w-16 rounded-full flex justify-center align-center object-cover m-auto mb-6 wp-post-image\" alt=\"\" srcset=\"https:\/\/www.icvcm.org\/wp-content\/uploads\/2024\/01\/AZ-ICVCM.jpg 600w, https:\/\/www.icvcm.org\/wp-content\/uploads\/2024\/01\/AZ-ICVCM-300x300.jpg 300w, https:\/\/www.icvcm.org\/wp-content\/uploads\/2024\/01\/AZ-ICVCM-150x150.jpg 150w\" sizes=\"auto, (max-width: 600px) 100vw, 600px\" \/><p class=\"font-bold\">Annette L. Nazareth<\/p><p class=\"font-medium\">Chair, The Integrity Council for the Voluntary Carbon Market<\/p>\t\t\t\t\t\t<\/div>\n\t\t\t\t\t<\/div>\n\t\t\t\t\t\t\t<\/div>\n\n\t\t\t\t\t\t\t<!-- Navigation - Next -->\n\t\t\t\t<div class=\"absolute w-16 h-full z-10 top-0 right-0 flex justify-center items-center\">\n\t\t\t\t\t<button\n\t\t\t\t\t\tid=\"swiper-next-testimonial-slider_block_4f4e07ca735eb0b6a0183e61459f293e\"\n\t\t\t\t\t\tclass=\"swiper-nav-button disabled:opacity-50\"\n\t\t\t\t\t>\n\t\t\t\t\t\t\t\t\t\t\t\t\t<span class=\"block w-8 h-8 relative left-px text-gray-500\">\n\t\t\t\t\t\t\t\t<svg xmlns=\"http:\/\/www.w3.org\/2000\/svg\"  viewBox=\"0 0 24 24\" fill=\"none\" stroke=\"currentColor\" stroke-width=\"2\" stroke-linecap=\"round\" stroke-linejoin=\"round\" class=\"feather feather-arrow-right-circle\"><circle cx=\"12\" cy=\"12\" r=\"10\"><\/circle><polyline points=\"12 16 16 12 12 8\"><\/polyline><line x1=\"8\" y1=\"12\" x2=\"16\" y2=\"12\"><\/line><\/svg>\t\t\t\t\t\t\t<\/span>\n\t\t\t\t\t\t\t\t\t\t\t<\/button>\n\t\t\t\t<\/div>\n\t\t\t\t\t<\/div>\n\t<\/div>\n<\/section>","protected":false},"excerpt":{"rendered":"","protected":false},"author":1,"featured_media":11266,"parent":0,"menu_order":0,"comment_status":"closed","ping_status":"closed","template":"","meta":{"_acf_changed":false,"footnotes":""},"class_list":["post-5586","page","type-page","status-publish","has-post-thumbnail","hentry"],"acf":[],"yoast_head":"<!-- This site is optimized with the Yoast SEO plugin v26.9 - https:\/\/yoast.com\/product\/yoast-seo-wordpress\/ -->\n<title>Marco de evaluaci\u00f3n | ICVCM<\/title>\n<meta name=\"description\" content=\"Evaluamos los programas de cr\u00e9ditos de carbono y las categor\u00edas de cr\u00e9ditos para determinar el cumplimiento del Marco de Evaluaci\u00f3n de los Principios B\u00e1sicos del Carbono.\" \/>\n<meta name=\"robots\" content=\"index, follow, max-snippet:-1, max-image-preview:large, max-video-preview:-1\" \/>\n<link rel=\"canonical\" href=\"https:\/\/www.icvcm.org\/es\/marco-de-evaluacion\/\" \/>\n<meta property=\"og:locale\" content=\"es_ES\" \/>\n<meta property=\"og:type\" content=\"article\" \/>\n<meta property=\"og:title\" content=\"Marco de evaluaci\u00f3n | ICVCM\" \/>\n<meta property=\"og:description\" content=\"Evaluamos los programas de cr\u00e9ditos de carbono y las categor\u00edas de cr\u00e9ditos para determinar el cumplimiento del Marco de Evaluaci\u00f3n de los Principios B\u00e1sicos del Carbono.\" \/>\n<meta property=\"og:url\" content=\"https:\/\/www.icvcm.org\/es\/marco-de-evaluacion\/\" \/>\n<meta property=\"og:site_name\" content=\"ICVCM\" \/>\n<meta property=\"article:modified_time\" content=\"2026-02-19T09:49:25+00:00\" \/>\n<meta property=\"og:image\" content=\"https:\/\/icvcm.org\/wp-content\/uploads\/2025\/05\/pexels-taryn-elliott-5859211-scaled.webp\" \/>\n\t<meta property=\"og:image:width\" content=\"2560\" \/>\n\t<meta property=\"og:image:height\" content=\"1440\" \/>\n\t<meta property=\"og:image:type\" content=\"image\/webp\" \/>\n<meta name=\"twitter:card\" content=\"summary_large_image\" \/>\n<meta name=\"twitter:label1\" content=\"Tiempo de lectura\" \/>\n\t<meta name=\"twitter:data1\" content=\"2 minutos\" \/>\n<script type=\"application\/ld+json\" class=\"yoast-schema-graph\">{\"@context\":\"https:\/\/schema.org\",\"@graph\":[{\"@type\":\"WebPage\",\"@id\":\"https:\/\/www.icvcm.org\/es\/marco-de-evaluacion\/\",\"url\":\"https:\/\/www.icvcm.org\/es\/marco-de-evaluacion\/\",\"name\":\"Marco de evaluaci\u00f3n | ICVCM\",\"isPartOf\":{\"@id\":\"https:\/\/www.icvcm.org\/es\/#website\"},\"primaryImageOfPage\":{\"@id\":\"https:\/\/www.icvcm.org\/es\/marco-de-evaluacion\/#primaryimage\"},\"image\":{\"@id\":\"https:\/\/www.icvcm.org\/es\/marco-de-evaluacion\/#primaryimage\"},\"thumbnailUrl\":\"https:\/\/www.icvcm.org\/wp-content\/uploads\/2025\/05\/pexels-taryn-elliott-5859211-scaled.webp\",\"datePublished\":\"2024-01-29T13:41:26+00:00\",\"dateModified\":\"2026-02-19T09:49:25+00:00\",\"description\":\"Evaluamos los programas de cr\u00e9ditos de carbono y las categor\u00edas de cr\u00e9ditos para determinar el cumplimiento del Marco de Evaluaci\u00f3n de los Principios B\u00e1sicos del Carbono.\",\"breadcrumb\":{\"@id\":\"https:\/\/www.icvcm.org\/es\/marco-de-evaluacion\/#breadcrumb\"},\"inLanguage\":\"es\",\"potentialAction\":[{\"@type\":\"ReadAction\",\"target\":[\"https:\/\/www.icvcm.org\/es\/marco-de-evaluacion\/\"]}]},{\"@type\":\"ImageObject\",\"inLanguage\":\"es\",\"@id\":\"https:\/\/www.icvcm.org\/es\/marco-de-evaluacion\/#primaryimage\",\"url\":\"https:\/\/www.icvcm.org\/wp-content\/uploads\/2025\/05\/pexels-taryn-elliott-5859211-scaled.webp\",\"contentUrl\":\"https:\/\/www.icvcm.org\/wp-content\/uploads\/2025\/05\/pexels-taryn-elliott-5859211-scaled.webp\",\"width\":2560,\"height\":1440,\"caption\":\"Mangroves in Zanzibar, Mjini Magharibi Region, Tanzania\"},{\"@type\":\"BreadcrumbList\",\"@id\":\"https:\/\/www.icvcm.org\/es\/marco-de-evaluacion\/#breadcrumb\",\"itemListElement\":[{\"@type\":\"ListItem\",\"position\":1,\"name\":\"Home\",\"item\":\"https:\/\/icvcm.org\/\"},{\"@type\":\"ListItem\",\"position\":2,\"name\":\"Marco de evaluaci\u00f3n\"}]},{\"@type\":\"WebSite\",\"@id\":\"https:\/\/www.icvcm.org\/es\/#website\",\"url\":\"https:\/\/www.icvcm.org\/es\/\",\"name\":\"ICVCM New\",\"description\":\"Leading the way to high integrity in the Voluntary Carbon Market\",\"publisher\":{\"@id\":\"https:\/\/www.icvcm.org\/es\/#organization\"},\"potentialAction\":[{\"@type\":\"SearchAction\",\"target\":{\"@type\":\"EntryPoint\",\"urlTemplate\":\"https:\/\/www.icvcm.org\/es\/?s={search_term_string}\"},\"query-input\":{\"@type\":\"PropertyValueSpecification\",\"valueRequired\":true,\"valueName\":\"search_term_string\"}}],\"inLanguage\":\"es\"},{\"@type\":\"Organization\",\"@id\":\"https:\/\/www.icvcm.org\/es\/#organization\",\"name\":\"ICVCM New\",\"url\":\"https:\/\/www.icvcm.org\/es\/\",\"logo\":{\"@type\":\"ImageObject\",\"inLanguage\":\"es\",\"@id\":\"https:\/\/www.icvcm.org\/es\/#\/schema\/logo\/image\/\",\"url\":\"https:\/\/icvcm.org\/wp-content\/uploads\/2024\/01\/icvcm-logo-new.svg\",\"contentUrl\":\"https:\/\/icvcm.org\/wp-content\/uploads\/2024\/01\/icvcm-logo-new.svg\",\"width\":257,\"height\":40,\"caption\":\"ICVCM New\"},\"image\":{\"@id\":\"https:\/\/www.icvcm.org\/es\/#\/schema\/logo\/image\/\"}}]}<\/script>\n<!-- \/ Yoast SEO plugin. -->","yoast_head_json":{"title":"Marco de evaluaci\u00f3n | ICVCM","description":"Evaluamos los programas de cr\u00e9ditos de carbono y las categor\u00edas de cr\u00e9ditos para determinar el cumplimiento del Marco de Evaluaci\u00f3n de los Principios B\u00e1sicos del Carbono.","robots":{"index":"index","follow":"follow","max-snippet":"max-snippet:-1","max-image-preview":"max-image-preview:large","max-video-preview":"max-video-preview:-1"},"canonical":"https:\/\/www.icvcm.org\/es\/marco-de-evaluacion\/","og_locale":"es_ES","og_type":"article","og_title":"Marco de evaluaci\u00f3n | ICVCM","og_description":"Evaluamos los programas de cr\u00e9ditos de carbono y las categor\u00edas de cr\u00e9ditos para determinar el cumplimiento del Marco de Evaluaci\u00f3n de los Principios B\u00e1sicos del Carbono.","og_url":"https:\/\/www.icvcm.org\/es\/marco-de-evaluacion\/","og_site_name":"ICVCM","article_modified_time":"2026-02-19T09:49:25+00:00","og_image":[{"width":2560,"height":1440,"url":"https:\/\/icvcm.org\/wp-content\/uploads\/2025\/05\/pexels-taryn-elliott-5859211-scaled.webp","type":"image\/webp"}],"twitter_card":"summary_large_image","twitter_misc":{"Tiempo de lectura":"2 minutos"},"schema":{"@context":"https:\/\/schema.org","@graph":[{"@type":"WebPage","@id":"https:\/\/www.icvcm.org\/es\/marco-de-evaluacion\/","url":"https:\/\/www.icvcm.org\/es\/marco-de-evaluacion\/","name":"Marco de evaluaci\u00f3n | ICVCM","isPartOf":{"@id":"https:\/\/www.icvcm.org\/es\/#website"},"primaryImageOfPage":{"@id":"https:\/\/www.icvcm.org\/es\/marco-de-evaluacion\/#primaryimage"},"image":{"@id":"https:\/\/www.icvcm.org\/es\/marco-de-evaluacion\/#primaryimage"},"thumbnailUrl":"https:\/\/www.icvcm.org\/wp-content\/uploads\/2025\/05\/pexels-taryn-elliott-5859211-scaled.webp","datePublished":"2024-01-29T13:41:26+00:00","dateModified":"2026-02-19T09:49:25+00:00","description":"Evaluamos los programas de cr\u00e9ditos de carbono y las categor\u00edas de cr\u00e9ditos para determinar el cumplimiento del Marco de Evaluaci\u00f3n de los Principios B\u00e1sicos del Carbono.","breadcrumb":{"@id":"https:\/\/www.icvcm.org\/es\/marco-de-evaluacion\/#breadcrumb"},"inLanguage":"es","potentialAction":[{"@type":"ReadAction","target":["https:\/\/www.icvcm.org\/es\/marco-de-evaluacion\/"]}]},{"@type":"ImageObject","inLanguage":"es","@id":"https:\/\/www.icvcm.org\/es\/marco-de-evaluacion\/#primaryimage","url":"https:\/\/www.icvcm.org\/wp-content\/uploads\/2025\/05\/pexels-taryn-elliott-5859211-scaled.webp","contentUrl":"https:\/\/www.icvcm.org\/wp-content\/uploads\/2025\/05\/pexels-taryn-elliott-5859211-scaled.webp","width":2560,"height":1440,"caption":"Mangroves in Zanzibar, Mjini Magharibi Region, Tanzania"},{"@type":"BreadcrumbList","@id":"https:\/\/www.icvcm.org\/es\/marco-de-evaluacion\/#breadcrumb","itemListElement":[{"@type":"ListItem","position":1,"name":"Home","item":"https:\/\/icvcm.org\/"},{"@type":"ListItem","position":2,"name":"Marco de evaluaci\u00f3n"}]},{"@type":"WebSite","@id":"https:\/\/www.icvcm.org\/es\/#website","url":"https:\/\/www.icvcm.org\/es\/","name":"ICVCM New","description":"Leading the way to high integrity in the Voluntary Carbon Market","publisher":{"@id":"https:\/\/www.icvcm.org\/es\/#organization"},"potentialAction":[{"@type":"SearchAction","target":{"@type":"EntryPoint","urlTemplate":"https:\/\/www.icvcm.org\/es\/?s={search_term_string}"},"query-input":{"@type":"PropertyValueSpecification","valueRequired":true,"valueName":"search_term_string"}}],"inLanguage":"es"},{"@type":"Organization","@id":"https:\/\/www.icvcm.org\/es\/#organization","name":"ICVCM New","url":"https:\/\/www.icvcm.org\/es\/","logo":{"@type":"ImageObject","inLanguage":"es","@id":"https:\/\/www.icvcm.org\/es\/#\/schema\/logo\/image\/","url":"https:\/\/icvcm.org\/wp-content\/uploads\/2024\/01\/icvcm-logo-new.svg","contentUrl":"https:\/\/icvcm.org\/wp-content\/uploads\/2024\/01\/icvcm-logo-new.svg","width":257,"height":40,"caption":"ICVCM New"},"image":{"@id":"https:\/\/www.icvcm.org\/es\/#\/schema\/logo\/image\/"}}]}},"publishpress_future_action":{"enabled":false,"date":"2026-05-09 03:48:39","action":"change-status","newStatus":"draft","terms":[],"taxonomy":"translation_priority","extraData":[]},"publishpress_future_workflow_manual_trigger":{"enabledWorkflows":[]},"_links":{"self":[{"href":"https:\/\/www.icvcm.org\/es\/wp-json\/wp\/v2\/pages\/5586","targetHints":{"allow":["GET"]}}],"collection":[{"href":"https:\/\/www.icvcm.org\/es\/wp-json\/wp\/v2\/pages"}],"about":[{"href":"https:\/\/www.icvcm.org\/es\/wp-json\/wp\/v2\/types\/page"}],"author":[{"embeddable":true,"href":"https:\/\/www.icvcm.org\/es\/wp-json\/wp\/v2\/users\/1"}],"replies":[{"embeddable":true,"href":"https:\/\/www.icvcm.org\/es\/wp-json\/wp\/v2\/comments?post=5586"}],"version-history":[{"count":3,"href":"https:\/\/www.icvcm.org\/es\/wp-json\/wp\/v2\/pages\/5586\/revisions"}],"predecessor-version":[{"id":16956,"href":"https:\/\/www.icvcm.org\/es\/wp-json\/wp\/v2\/pages\/5586\/revisions\/16956"}],"wp:featuredmedia":[{"embeddable":true,"href":"https:\/\/www.icvcm.org\/es\/wp-json\/wp\/v2\/media\/11266"}],"wp:attachment":[{"href":"https:\/\/www.icvcm.org\/es\/wp-json\/wp\/v2\/media?parent=5586"}],"curies":[{"name":"wp","href":"https:\/\/api.w.org\/{rel}","templated":true}]}}